{"id":55,"date":"2017-07-03T18:30:12","date_gmt":"2017-07-03T18:30:12","guid":{"rendered":"http:\/\/schedler-holz.de\/?page_id=55"},"modified":"2017-07-03T18:30:12","modified_gmt":"2017-07-03T18:30:12","slug":"technik-veredelt-natur","status":"publish","type":"page","link":"http:\/\/schedler-holz.de\/?page_id=55","title":{"rendered":"Technik veredelt Natur"},"content":{"rendered":"<h3><strong><span style=\"color: #316e44;\">Technik veredelt Natur<\/span><\/strong><\/h3>\n<h6><span style=\"color: #000000;\">Mit Hilfe unserer computergesteuerten Fr\u00e4smaschine verwirklichen wir aus Baumst\u00e4mmen aller heimischen Holzarten (z. B. L\u00e4rche, Kiefer, Fichte, Eiche) Ihre Ideen.<\/span><\/h6>\n<p><img loading=\"lazy\" decoding=\"async\" class=\"alignnone size-medium wp-image-152 aligncenter\" src=\"http:\/\/schedler-holz.de\/wp-content\/uploads\/2017\/07\/Seite_2_Bild_Mitte-300x249.gif\" alt=\"\" width=\"300\" height=\"249\" srcset=\"http:\/\/schedler-holz.de\/wp-content\/uploads\/2017\/07\/Seite_2_Bild_Mitte-300x249.gif 300w, http:\/\/schedler-holz.de\/wp-content\/uploads\/2017\/07\/Seite_2_Bild_Mitte-1024x851.gif 1024w, http:\/\/schedler-holz.de\/wp-content\/uploads\/2017\/07\/Seite_2_Bild_Mitte-768x639.gif 768w\" sizes=\"(max-width: 300px) 100vw, 300px\" \/><\/p>\n<h6>Ob einseitig, mehrseitig oder komplett dreidimensional, ob Namenszug, Logos oder Figuren &#8211; wir richten uns bei der Produktion nach Ihren W\u00fcnschen. Eine Kombination mit anderen Werkstoffen (z. B. Glas, Metall) wird ebenso umgesetzt, wie der Einbau von LED-Technik.<\/h6>\n<h6>Maximal k\u00f6nnen wir Baumst\u00e4mme mit einer H\u00f6he von 2,6 m und einem Durchmesser von 1,0 m bearbeiten.<\/h6>\n<h6>Bitte bedenken Sie, dass dabei immer Unikate entstehen, da jeder Baumstamm einzigartig ist (Maserung, Astl\u00f6cher, Rinde, etc.).<\/h6>\n<p>&nbsp;<\/p>\n<p>&nbsp;<\/p>\n","protected":false},"excerpt":{"rendered":"<p>Technik veredelt Natur Mit Hilfe unserer computergesteuerten Fr\u00e4smaschine verwirklichen wir aus Baumst\u00e4mmen aller heimischen Holzarten (z. B. L\u00e4rche, Kiefer, Fichte, Eiche) Ihre Ideen. Ob einseitig, mehrseitig oder komplett dreidimensional, ob Namenszug, Logos oder Figuren &#8211; wir richten uns bei der Produktion nach Ihren W\u00fcnschen. Eine Kombination mit anderen Werkstoffen (z. B. Glas, Metall) wird ebenso [&hellip;]<\/p>\n","protected":false},"author":1,"featured_media":0,"parent":0,"menu_order":0,"comment_status":"closed","ping_status":"closed","template":"","meta":{"footnotes":""},"_links":{"self":[{"href":"http:\/\/schedler-holz.de\/index.php?rest_route=\/wp\/v2\/pages\/55"}],"collection":[{"href":"http:\/\/schedler-holz.de\/index.php?rest_route=\/wp\/v2\/pages"}],"about":[{"href":"http:\/\/schedler-holz.de\/index.php?rest_route=\/wp\/v2\/types\/page"}],"author":[{"embeddable":true,"href":"http:\/\/schedler-holz.de\/index.php?rest_route=\/wp\/v2\/users\/1"}],"replies":[{"embeddable":true,"href":"http:\/\/schedler-holz.de\/index.php?rest_route=%2Fwp%2Fv2%2Fcomments&post=55"}],"version-history":[{"count":0,"href":"http:\/\/schedler-holz.de\/index.php?rest_route=\/wp\/v2\/pages\/55\/revisions"}],"wp:attachment":[{"href":"http:\/\/schedler-holz.de\/index.php?rest_route=%2Fwp%2Fv2%2Fmedia&parent=55"}],"curies":[{"name":"wp","href":"https:\/\/api.w.org\/{rel}","templated":true}]}}